{"id":312,"date":"2024-06-24T15:45:05","date_gmt":"2024-06-24T13:45:05","guid":{"rendered":"https:\/\/dbavocats.fr\/dba\/mwp\/?page_id=312"},"modified":"2026-01-22T20:01:31","modified_gmt":"2026-01-22T19:01:31","slug":"recrutement","status":"publish","type":"page","link":"https:\/\/dbavocats.fr\/index.php\/recrutement\/","title":{"rendered":"Recrutement"},"content":{"rendered":"\t\t<div data-elementor-type=\"wp-page\" data-elementor-id=\"312\" class=\"elementor elementor-312\">\n\t\t\t\t<div class=\"elementor-element elementor-element-d5714ce e-con-full e-flex e-con e-parent\" data-id=\"d5714ce\" data-element_type=\"container\" data-settings=\"{&quot;background_background&quot;:&quot;classic&quot;}\">\n\t\t\t\t<\/div>\n\t\t<div class=\"elementor-element elementor-element-ca59cee e-flex e-con-boxed e-con e-parent\" data-id=\"ca59cee\" data-element_type=\"container\" data-settings=\"{&quot;background_background&quot;:&quot;classic&quot;}\">\n\t\t\t\t\t<div class=\"e-con-inner\">\n\t\t<div class=\"elementor-element elementor-element-8e1da69 e-grid e-con-full e-con e-child\" data-id=\"8e1da69\" data-element_type=\"container\">\n\t\t\t\t<div class=\"elementor-element elementor-element-f86ceb6 elementor-widget elementor-widget-image\" data-id=\"f86ceb6\" data-element_type=\"widget\" data-widget_type=\"image.default\">\n\t\t\t\t<div class=\"elementor-widget-container\">\n\t\t\t<style>\/*! elementor - v3.22.0 - 26-06-2024 *\/\n.elementor-widget-image{text-align:center}.elementor-widget-image a{display:inline-block}.elementor-widget-image a img[src$=\".svg\"]{width:48px}.elementor-widget-image img{vertical-align:middle;display:inline-block}<\/style>\t\t\t\t\t\t\t\t\t\t<img fetchpriority=\"high\" decoding=\"async\" width=\"677\" height=\"137\" src=\"https:\/\/dbavocats.fr\/wp-content\/uploads\/2024\/06\/recrutement.png\" class=\"attachment-full size-full wp-image-314\" alt=\"\" srcset=\"https:\/\/dbavocats.fr\/wp-content\/uploads\/2024\/06\/recrutement.png 677w, https:\/\/dbavocats.fr\/wp-content\/uploads\/2024\/06\/recrutement-300x61.png 300w\" sizes=\"(max-width: 677px) 100vw, 677px\" \/>\t\t\t\t\t\t\t\t\t\t\t\t\t<\/div>\n\t\t\t\t<\/div>\n\t\t\t\t<div class=\"elementor-element elementor-element-b56be72 elementor-widget elementor-widget-spacer\" data-id=\"b56be72\" data-element_type=\"widget\" data-widget_type=\"spacer.default\">\n\t\t\t\t<div class=\"elementor-widget-container\">\n\t\t\t<style>\/*! elementor - v3.22.0 - 26-06-2024 *\/\n.elementor-column .elementor-spacer-inner{height:var(--spacer-size)}.e-con{--container-widget-width:100%}.e-con-inner>.elementor-widget-spacer,.e-con>.elementor-widget-spacer{width:var(--container-widget-width,var(--spacer-size));--align-self:var(--container-widget-align-self,initial);--flex-shrink:0}.e-con-inner>.elementor-widget-spacer>.elementor-widget-container,.e-con>.elementor-widget-spacer>.elementor-widget-container{height:100%;width:100%}.e-con-inner>.elementor-widget-spacer>.elementor-widget-container>.elementor-spacer,.e-con>.elementor-widget-spacer>.elementor-widget-container>.elementor-spacer{height:100%}.e-con-inner>.elementor-widget-spacer>.elementor-widget-container>.elementor-spacer>.elementor-spacer-inner,.e-con>.elementor-widget-spacer>.elementor-widget-container>.elementor-spacer>.elementor-spacer-inner{height:var(--container-widget-height,var(--spacer-size))}.e-con-inner>.elementor-widget-spacer.elementor-widget-empty,.e-con>.elementor-widget-spacer.elementor-widget-empty{position:relative;min-height:22px;min-width:22px}.e-con-inner>.elementor-widget-spacer.elementor-widget-empty .elementor-widget-empty-icon,.e-con>.elementor-widget-spacer.elementor-widget-empty .elementor-widget-empty-icon{position:absolute;top:0;bottom:0;left:0;right:0;margin:auto;padding:0;width:22px;height:22px}<\/style>\t\t<div class=\"elementor-spacer\">\n\t\t\t<div class=\"elementor-spacer-inner\"><\/div>\n\t\t<\/div>\n\t\t\t\t<\/div>\n\t\t\t\t<\/div>\n\t\t\t\t<\/div>\n\t\t\t\t\t<\/div>\n\t\t\t\t<\/div>\n\t\t<div class=\"elementor-element elementor-element-a3a7aa4 e-flex e-con-boxed e-con e-parent\" data-id=\"a3a7aa4\" data-element_type=\"container\">\n\t\t\t\t\t<div class=\"e-con-inner\">\n\t\t\t\t<div class=\"elementor-element elementor-element-8775f0a elementor-widget elementor-widget-spacer\" data-id=\"8775f0a\" data-element_type=\"widget\" data-widget_type=\"spacer.default\">\n\t\t\t\t<div class=\"elementor-widget-container\">\n\t\t\t\t\t<div class=\"elementor-spacer\">\n\t\t\t<div class=\"elementor-spacer-inner\"><\/div>\n\t\t<\/div>\n\t\t\t\t<\/div>\n\t\t\t\t<\/div>\n\t\t\t\t\t<\/div>\n\t\t\t\t<\/div>\n\t\t<div class=\"elementor-element elementor-element-678500b e-flex e-con-boxed e-con e-parent\" data-id=\"678500b\" data-element_type=\"container\">\n\t\t\t\t\t<div class=\"e-con-inner\">\n\t\t<div class=\"elementor-element elementor-element-931b6ce e-con-full e-flex e-con e-child\" data-id=\"931b6ce\" data-element_type=\"container\">\n\t\t\t\t<div class=\"elementor-element elementor-element-0fcf63c elementor-widget elementor-widget-heading\" data-id=\"0fcf63c\" data-element_type=\"widget\" data-widget_type=\"heading.default\">\n\t\t\t\t<div class=\"elementor-widget-container\">\n\t\t\t<style>\/*! elementor - v3.22.0 - 26-06-2024 *\/\n.elementor-heading-title{padding:0;margin:0;line-height:1}.elementor-widget-heading .elementor-heading-title[class*=elementor-size-]>a{color:inherit;font-size:inherit;line-height:inherit}.elementor-widget-heading .elementor-heading-title.elementor-size-small{font-size:15px}.elementor-widget-heading .elementor-heading-title.elementor-size-medium{font-size:19px}.elementor-widget-heading .elementor-heading-title.elementor-size-large{font-size:29px}.elementor-widget-heading .elementor-heading-title.elementor-size-xl{font-size:39px}.elementor-widget-heading .elementor-heading-title.elementor-size-xxl{font-size:59px}<\/style><h2 class=\"elementor-heading-title elementor-size-default\">Collaborations<\/h2>\t\t<\/div>\n\t\t\t\t<\/div>\n\t\t\t\t<div class=\"elementor-element elementor-element-3aeb756 elementor-widget elementor-widget-text-editor\" data-id=\"3aeb756\" data-element_type=\"widget\" data-widget_type=\"text-editor.default\">\n\t\t\t\t<div class=\"elementor-widget-container\">\n\t\t\t<style>\/*! elementor - v3.22.0 - 26-06-2024 *\/\n.elementor-widget-text-editor.elementor-drop-cap-view-stacked .elementor-drop-cap{background-color:#69727d;color:#fff}.elementor-widget-text-editor.elementor-drop-cap-view-framed .elementor-drop-cap{color:#69727d;border:3px solid;background-color:transparent}.elementor-widget-text-editor:not(.elementor-drop-cap-view-default) .elementor-drop-cap{margin-top:8px}.elementor-widget-text-editor:not(.elementor-drop-cap-view-default) .elementor-drop-cap-letter{width:1em;height:1em}.elementor-widget-text-editor .elementor-drop-cap{float:left;text-align:center;line-height:1;font-size:50px}.elementor-widget-text-editor .elementor-drop-cap-letter{display:inline-block}<\/style>\t\t\t\t<p>Le cabinet recherche des avocats collaborateurs <br \/>en corporate\/droit boursier.<\/p><p>Profils recherch\u00e9s<\/p>\t\t\t\t\t\t<\/div>\n\t\t\t\t<\/div>\n\t\t\t\t<div class=\"elementor-element elementor-element-ec7836e elementor-widget elementor-widget-text-editor\" data-id=\"ec7836e\" data-element_type=\"widget\" data-widget_type=\"text-editor.default\">\n\t\t\t\t<div class=\"elementor-widget-container\">\n\t\t\t\t\t\t\t<p>\u2022 Vous \u00eates avocat (d\u00e9butant ou de moins de trois ans d&rsquo;exp\u00e9rience);<br \/>\u2022 Vous disposez d&rsquo;une formation sup\u00e9rieure en droit (Master 2, DJCE) comprenant un enseignement en droit des soci\u00e9t\u00e9s ;<br \/>\u2022 Vous souhaitez travailler en \u00e9quipe;<br \/>\u2022 Vous avez une excellente ma\u00eetrise de l&rsquo;anglais, tant \u00e0 l&rsquo;\u00e9crit qu&rsquo;\u00e0 l&rsquo;oral.<br \/>\u2022 Vous avez une formation ou une exp\u00e9rience en droit boursier (dans un cabinet ou dans une soci\u00e9t\u00e9 cot\u00e9e).<\/p>\t\t\t\t\t\t<\/div>\n\t\t\t\t<\/div>\n\t\t\t\t<\/div>\n\t\t\t\t\t<\/div>\n\t\t\t\t<\/div>\n\t\t<div class=\"elementor-element elementor-element-7a596c5 e-flex e-con-boxed e-con e-parent\" data-id=\"7a596c5\" data-element_type=\"container\">\n\t\t\t\t\t<div class=\"e-con-inner\">\n\t\t\t\t<div class=\"elementor-element elementor-element-47685d6 elementor-widget elementor-widget-spacer\" data-id=\"47685d6\" data-element_type=\"widget\" data-widget_type=\"spacer.default\">\n\t\t\t\t<div class=\"elementor-widget-container\">\n\t\t\t\t\t<div class=\"elementor-spacer\">\n\t\t\t<div class=\"elementor-spacer-inner\"><\/div>\n\t\t<\/div>\n\t\t\t\t<\/div>\n\t\t\t\t<\/div>\n\t\t\t\t\t<\/div>\n\t\t\t\t<\/div>\n\t\t<div class=\"elementor-element elementor-element-e619f0f e-flex e-con-boxed e-con e-parent\" data-id=\"e619f0f\" data-element_type=\"container\" data-settings=\"{&quot;background_background&quot;:&quot;classic&quot;}\">\n\t\t\t\t\t<div class=\"e-con-inner\">\n\t\t<div class=\"elementor-element elementor-element-8ddb8ea e-con-full e-flex e-con e-child\" data-id=\"8ddb8ea\" data-element_type=\"container\">\n\t\t\t\t<div class=\"elementor-element elementor-element-24e3bea elementor-widget elementor-widget-heading\" data-id=\"24e3bea\" data-element_type=\"widget\" data-widget_type=\"heading.default\">\n\t\t\t\t<div class=\"elementor-widget-container\">\n\t\t\t<h2 class=\"elementor-heading-title elementor-size-default\">Stages<\/h2>\t\t<\/div>\n\t\t\t\t<\/div>\n\t\t\t\t<div class=\"elementor-element elementor-element-ac7804a elementor-widget elementor-widget-text-editor\" data-id=\"ac7804a\" data-element_type=\"widget\" data-widget_type=\"text-editor.default\">\n\t\t\t\t<div class=\"elementor-widget-container\">\n\t\t\t\t\t\t\t<p>Le Cabinet propose aux \u00e9tudiants des stages en corporate\/droit boursier (stages Master 2, stages d&rsquo;\u00e9l\u00e8ve-avocat &#8230; ) toute l&rsquo;ann\u00e9e.<\/p><p>Profils recherch\u00e9s<\/p>\t\t\t\t\t\t<\/div>\n\t\t\t\t<\/div>\n\t\t\t\t<div class=\"elementor-element elementor-element-8e3593f elementor-widget elementor-widget-text-editor\" data-id=\"8e3593f\" data-element_type=\"widget\" data-widget_type=\"text-editor.default\">\n\t\t\t\t<div class=\"elementor-widget-container\">\n\t\t\t\t\t\t\t<p>\u2022 Vous disposez d&rsquo;une formation sup\u00e9rieure en droit (Master 2, DJCE) comprenant un enseignement en droit des soci\u00e9t\u00e9s ;<br \/>\u2022 Vous \u00eates rigoureux, curieux, volontaire et impliqu\u00e9 ;<br \/>\u2022 Vous avez une excellente ma\u00eetrise de l&rsquo;anglais, tant \u00e0 l&rsquo;\u00e9crit qu&rsquo;\u00e0 l&rsquo;oral.<br \/>\u2022 Une formation ou une exp\u00e9rience en droit boursier (dans un cabinet ou dans une soci\u00e9t\u00e9 cot\u00e9e) serait un plus.<\/p><p>A l&rsquo;issue du stage, certains stagiaires pourront se voir proposer une offre de collaboration.<\/p>\t\t\t\t\t\t<\/div>\n\t\t\t\t<\/div>\n\t\t\t\t<\/div>\n\t\t\t\t\t<\/div>\n\t\t\t\t<\/div>\n\t\t<div class=\"elementor-element elementor-element-d8bb3f4 e-flex e-con-boxed e-con e-parent\" data-id=\"d8bb3f4\" data-element_type=\"container\">\n\t\t\t\t\t<div class=\"e-con-inner\">\n\t\t\t\t<div class=\"elementor-element elementor-element-4553cdf elementor-widget elementor-widget-spacer\" data-id=\"4553cdf\" data-element_type=\"widget\" data-widget_type=\"spacer.default\">\n\t\t\t\t<div class=\"elementor-widget-container\">\n\t\t\t\t\t<div class=\"elementor-spacer\">\n\t\t\t<div class=\"elementor-spacer-inner\"><\/div>\n\t\t<\/div>\n\t\t\t\t<\/div>\n\t\t\t\t<\/div>\n\t\t\t\t\t<\/div>\n\t\t\t\t<\/div>\n\t\t<div class=\"elementor-element elementor-element-5e08232 e-flex e-con-boxed e-con e-parent\" data-id=\"5e08232\" data-element_type=\"container\">\n\t\t\t\t\t<div class=\"e-con-inner\">\n\t\t\t\t<div class=\"elementor-element elementor-element-5fb692e elementor-align-center elementor-widget elementor-widget-button\" data-id=\"5fb692e\" data-element_type=\"widget\" data-widget_type=\"button.default\">\n\t\t\t\t<div class=\"elementor-widget-container\">\n\t\t\t\t\t<div class=\"elementor-button-wrapper\">\n\t\t\t<a class=\"elementor-button elementor-button-link elementor-size-sm\" href=\"mailto:contact@dbavocats.fr\">\n\t\t\t\t\t\t<span class=\"elementor-button-content-wrapper\">\n\t\t\t\t\t\t\t\t\t<span class=\"elementor-button-text\">Pour postuler --------> contact@dbavocats.fr <\/span>\n\t\t\t\t\t<\/span>\n\t\t\t\t\t<\/a>\n\t\t<\/div>\n\t\t\t\t<\/div>\n\t\t\t\t<\/div>\n\t\t\t\t\t<\/div>\n\t\t\t\t<\/div>\n\t\t<div class=\"elementor-element elementor-element-d2c0fec e-flex e-con-boxed e-con e-parent\" data-id=\"d2c0fec\" data-element_type=\"container\">\n\t\t\t\t\t<div class=\"e-con-inner\">\n\t\t\t\t<div class=\"elementor-element elementor-element-a5cb2f6 elementor-widget elementor-widget-spacer\" data-id=\"a5cb2f6\" data-element_type=\"widget\" data-widget_type=\"spacer.default\">\n\t\t\t\t<div class=\"elementor-widget-container\">\n\t\t\t\t\t<div class=\"elementor-spacer\">\n\t\t\t<div class=\"elementor-spacer-inner\"><\/div>\n\t\t<\/div>\n\t\t\t\t<\/div>\n\t\t\t\t<\/div>\n\t\t\t\t\t<\/div>\n\t\t\t\t<\/div>\n\t\t<div class=\"elementor-element elementor-element-6a9980c e-con-full e-flex e-con e-parent\" data-id=\"6a9980c\" data-element_type=\"container\">\n\t\t\t\t<div class=\"elementor-element elementor-element-c3c51fd elementor-widget elementor-widget-heading\" data-id=\"c3c51fd\" data-element_type=\"widget\" data-widget_type=\"heading.default\">\n\t\t\t\t<div class=\"elementor-widget-container\">\n\t\t\t<h2 class=\"elementor-heading-title elementor-size-default\">L'\u00c9quipe<\/h2>\t\t<\/div>\n\t\t\t\t<\/div>\n\t\t\t\t<div class=\"elementor-element elementor-element-7cbe065 elementor-widget elementor-widget-text-editor\" data-id=\"7cbe065\" data-element_type=\"widget\" data-widget_type=\"text-editor.default\">\n\t\t\t\t<div class=\"elementor-widget-container\">\n\t\t\t\t\t\t\t<p>Depuis plus de 20 ans, les associ\u00e9s du cabinet conseillent une centaine de soci\u00e9t\u00e9s cot\u00e9es et d\u2019\u00e9tablissements financiers. Ils participent aux travaux de Place et collaborent activement avec les principaux acteurs.<\/p><p>Des collaboratrices et collaborateurs exp\u00e9riment\u00e9s et sp\u00e9cialis\u00e9s en droit boursier assistent les associ\u00e9s.<\/p>\t\t\t\t\t\t<\/div>\n\t\t\t\t<\/div>\n\t\t\t\t<div class=\"elementor-element elementor-element-cba7383 elementor-widget elementor-widget-button\" data-id=\"cba7383\" data-element_type=\"widget\" data-widget_type=\"button.default\">\n\t\t\t\t<div class=\"elementor-widget-container\">\n\t\t\t\t\t<div class=\"elementor-button-wrapper\">\n\t\t\t<a class=\"elementor-button elementor-button-link elementor-size-sm\" href=\"mailto:contact@dbavocats.fr\">\n\t\t\t\t\t\t<span class=\"elementor-button-content-wrapper\">\n\t\t\t\t\t\t\t\t\t<span class=\"elementor-button-text\">Rejoignez notre \u00e9quipe <\/span>\n\t\t\t\t\t<\/span>\n\t\t\t\t\t<\/a>\n\t\t<\/div>\n\t\t\t\t<\/div>\n\t\t\t\t<\/div>\n\t\t\t\t<\/div>\n\t\t<div class=\"elementor-element elementor-element-b2329a2 e-flex e-con-boxed e-con e-parent\" data-id=\"b2329a2\" data-element_type=\"container\">\n\t\t\t\t\t<div class=\"e-con-inner\">\n\t\t\t\t<div class=\"elementor-element elementor-element-d5098dd elementor-widget elementor-widget-spacer\" data-id=\"d5098dd\" data-element_type=\"widget\" data-widget_type=\"spacer.default\">\n\t\t\t\t<div class=\"elementor-widget-container\">\n\t\t\t\t\t<div class=\"elementor-spacer\">\n\t\t\t<div class=\"elementor-spacer-inner\"><\/div>\n\t\t<\/div>\n\t\t\t\t<\/div>\n\t\t\t\t<\/div>\n\t\t\t\t\t<\/div>\n\t\t\t\t<\/div>\n\t\t<div class=\"elementor-element elementor-element-3a183ec e-flex e-con-boxed e-con e-parent\" data-id=\"3a183ec\" data-element_type=\"container\">\n\t\t\t\t\t<div class=\"e-con-inner\">\n\t\t<div class=\"elementor-element elementor-element-1f8e6f9 e-con-full e-flex e-con e-child\" data-id=\"1f8e6f9\" data-element_type=\"container\">\n\t\t\t\t<div class=\"elementor-element elementor-element-29ca4df elementor-widget elementor-widget-ucaddon_card_carousel\" data-id=\"29ca4df\" data-element_type=\"widget\" data-widget_type=\"ucaddon_card_carousel.default\">\n\t\t\t\t<div class=\"elementor-widget-container\">\n\t\t\t\n<!-- start Card Carousel -->\n\t\t<link id='font-awesome-css' href='https:\/\/dbavocats.fr\/wp-content\/plugins\/unlimited-elements-for-elementor\/assets_libraries\/font-awesome6\/fontawesome-all.min.css' type='text\/css' rel='stylesheet' >\n\t\t<link id='font-awesome-4-shim-css' href='https:\/\/dbavocats.fr\/wp-content\/plugins\/unlimited-elements-for-elementor\/assets_libraries\/font-awesome6\/fontawesome-v4-shims.min.css' type='text\/css' rel='stylesheet' >\n\t\t<link id='owl-carousel-css' href='https:\/\/dbavocats.fr\/wp-content\/plugins\/unlimited-elements-for-elementor\/assets_libraries\/owl-carousel-new\/assets\/owl.carousel.css' type='text\/css' rel='stylesheet' >\n\t\t<link id='uc_ac_assets_file_animate_css_77907-css' href='https:\/\/dbavocats.fr\/wp-content\/uploads\/ac_assets\/uc_classic_carousel\/animate.css' type='text\/css' rel='stylesheet' >\n\n<style>\/* widget: Card Carousel *\/\n\n#uc_card_carousel_elementor_29ca4df-wrapper{\n  min-height:1px;\n}\n\n#uc_card_carousel_elementor_29ca4df *{\n\t-webkit-box-sizing: border-box;\n\t-moz-box-sizing: border-box;\n\tbox-sizing: border-box;\n}\n\n#uc_card_carousel_elementor_29ca4df .ue-carousel-item{\n  overflow:hidden;\n  transition:0.3s;\n}\n\n#uc_card_carousel_elementor_29ca4df .uc_classic_carousel_container_holder{\n\tdisplay:block;\n\tposition:relative;\n\twidth:100%;\n    box-sizing: border-box;\n}\n#uc_card_carousel_elementor_29ca4df .uc_classic_carousel_placeholder{\n   position:relative;\n}\n\n\n#uc_card_carousel_elementor_29ca4df .uc_classic_carousel_placeholder img, #uc_card_carousel_elementor_29ca4df .ue_card_carousel_image_overlay{\n  transition: all 300ms;\n}\n\n.card_carousel_title{\n\tfont-size:21px;\n}\n\n.uc_classic_carousel .uc_classic_carousel_border{\n\tdisplay:block;\n    margin:0 auto;\n}\n\n.uc_classic_carousel  .uc_classic_carousel_placeholder img{\n\twidth:100%;    \n    display:inline-flex;\n}\n\n.uc_classic_carousel .uc_classic_carousel_content{\n  display: flex;\n  flex-flow: column nowrap;\n}\n\n.uc_classic_carousel .ue_button{\n  margin-top:auto;\n}\n\n.uc_classic_carousel .uc_classic_carousel_content .uc_more_btn {\n\tdisplay:inline-block;\n\ttext-decoration:none;\n\ttransition: all 0.5s ease;\n}\n\n#uc_card_carousel_elementor_29ca4df .owl-dots {\n  overflow:hidden;\n  text-align:center;\n}\n\n#uc_card_carousel_elementor_29ca4df .owl-dot {\n  border-radius:50%;\n  display:inline-block;\n}\n\n#uc_card_carousel_elementor_29ca4df .owl-nav .owl-prev,\n#uc_card_carousel_elementor_29ca4df .owl-nav .owl-next{\n    position:absolute;\n    display:flex;\n  \tjustify-content: center;\n  \talign-items: center;\n    text-align:center;\n}\n\n#uc_card_carousel_elementor_29ca4df .owl-nav .disabled{\n    display: none;  \n}\n\n\n#uc_card_carousel_elementor_29ca4df .ue-item-icon{\n  line-height:1em;\n  display:inline-flex;\n  justify-content:center;\n  align-items:center;  \n}\n\n#uc_card_carousel_elementor_29ca4df .ue-item-icon svg{\n  height:1em;\n  width:1em;\n}\n\n#uc_card_carousel_elementor_29ca4df .ue-item-icon-wrapper{\n  display:flex;\n}\n\n#uc_card_carousel_elementor_29ca4df .uc_classic_carousel_container_holder {\n\t max-width: ;\n}\n\n\n\n@media screen and (max-width: 1024px) {\n  #uc_card_carousel_elementor_29ca4df .uc_classic_carousel_container_holder {\n\t max-width: ;\n  }\n}\n\n@media screen and (max-width: 767px) {\n  #uc_card_carousel_elementor_29ca4df .uc_classic_carousel_container_holder {\n    max-width: ;\n  }\n}\n\n<\/style>\n\n<div class=\"uc_classic_carousel\" id=\"uc_card_carousel_elementor_29ca4df-wrapper\">\n        <div class=\"uc_carousel owl-carousel uc-items-wrapper  \" id=\"uc_card_carousel_elementor_29ca4df\"  >\n          \t\n\n\n<div id=\"uc_card_carousel_elementor_29ca4df_item1\" class=\"uc_classic_carousel_container_holder ue-item elementor-repeater-item-042aa90\" data-hide-item=\"false\">  \n  <div class=\"ue-carousel-item\">\n    \n        \n    \n          <div class=\"uc_classic_carousel_placeholder\">\n        <a href=\"#\" title=\"\" >          <img decoding=\"async\" src=\"https:\/\/dbavocats.fr\/wp-content\/uploads\/2024\/06\/DBA_Photo_SD_Img_13-scaled.jpg\"  src=\"https:\/\/dbavocats.fr\/wp-content\/uploads\/2024\/06\/DBA_Photo_SD_Img_13-scaled.jpg\" alt=\"S\u00e9verine Beaufre\" width=\"2560\" height=\"1706\">\n        <\/a>              <\/div>\n    \n    <div class=\"uc_classic_carousel_content\" style=\"direction:ltr;\">    \n\n      \n          <div  class=\"card_carousel_title\">S\u00e9verine Beaufre<\/div>\n        <p class=\"card_carousel_text\">- Avocate au Barreau de Paris\n<\/br>\n- Intervenant en droit des\nsoci\u00e9t\u00e9s et droit boursier\n<\/br>\n- Membre de la commission\n\u00abEmetteurs\u00bb de l\u2019Autorit\u00e9 des March\u00e9s Financiers (AMF)\n<\/br><\/p>      \t\n\n      \t\n      \n    <\/div>\n    \n  <\/div>\n<\/div>\n\n\n\n<div id=\"uc_card_carousel_elementor_29ca4df_item2\" class=\"uc_classic_carousel_container_holder ue-item elementor-repeater-item-c50c136\" data-hide-item=\"false\">  \n  <div class=\"ue-carousel-item\">\n    \n        \n    \n          <div class=\"uc_classic_carousel_placeholder\">\n        <a href=\"#\" title=\"\" >          <img decoding=\"async\" src=\"https:\/\/dbavocats.fr\/wp-content\/uploads\/2024\/06\/DBA_Photo_SD_Img_11-scaled.jpg\"  src=\"https:\/\/dbavocats.fr\/wp-content\/uploads\/2024\/06\/DBA_Photo_SD_Img_11-scaled.jpg\" alt=\"Philippe D\u2019hoir\" width=\"2560\" height=\"1706\">\n        <\/a>              <\/div>\n    \n    <div class=\"uc_classic_carousel_content\" style=\"direction:ltr;\">    \n\n      \n          <div  class=\"card_carousel_title\">Philippe D\u2019hoir<\/div>\n        <p class=\"card_carousel_text\">- Avocat au Barreau de Paris\n<\/br>\n- Sp\u00e9cialis\u00e9 en droit des\nsoci\u00e9t\u00e9s et droit boursier\n<\/br>\n- Membre du comit\u00e9 juridique de l'Association Nationale des Soci\u00e9t\u00e9s par Actions (ANSA)<\/br>\n- Ancien membre de la commission \u00ab\u00a0Emetteurs\u00a0\u00bb de l\u2019Autorit\u00e9 des March\u00e9s Financiers (AMF)<\/p>      \t\n\n      \t\n      \n    <\/div>\n    \n  <\/div>\n<\/div>\n\n\n\n<div id=\"uc_card_carousel_elementor_29ca4df_item3\" class=\"uc_classic_carousel_container_holder ue-item elementor-repeater-item-3a2f64f\" data-hide-item=\"false\">  \n  <div class=\"ue-carousel-item\">\n    \n        \n    \n          <div class=\"uc_classic_carousel_placeholder\">\n        <a href=\"#\" title=\"\" >          <img loading=\"lazy\" decoding=\"async\" src=\"https:\/\/dbavocats.fr\/wp-content\/uploads\/2024\/06\/DBA_Photo_SD_Img_12-scaled.jpg\"  src=\"https:\/\/dbavocats.fr\/wp-content\/uploads\/2024\/06\/DBA_Photo_SD_Img_12-scaled.jpg\" alt=\"Am\u00e9lie Meyronin\" width=\"2560\" height=\"1707\">\n        <\/a>              <\/div>\n    \n    <div class=\"uc_classic_carousel_content\" style=\"direction:ltr;\">    \n\n      \n          <div  class=\"card_carousel_title\">Am\u00e9lie Meyronin<\/div>\n        <p class=\"card_carousel_text\">- Avocate au Barreau de Paris\n<\/br>\n- Intervenant en droit des\nsoci\u00e9t\u00e9s et droit boursier\n<\/br>\n- Membre du conseil d\u2019administration de l\u2019association des Avocats en\nDroit Boursier (ADB)<\/p>      \t\n\n      \t\n      \n    <\/div>\n    \n  <\/div>\n<\/div>\n\n\n\n<div id=\"uc_card_carousel_elementor_29ca4df_item4\" class=\"uc_classic_carousel_container_holder ue-item elementor-repeater-item-a9f47c0\" data-hide-item=\"false\">  \n  <div class=\"ue-carousel-item\">\n    \n        \n    \n          <div class=\"uc_classic_carousel_placeholder\">\n        <a href=\"#\" title=\"\" >          <img loading=\"lazy\" decoding=\"async\" src=\"https:\/\/dbavocats.fr\/wp-content\/uploads\/2024\/06\/DBA_Photo_SD_Img_18-scaled.jpg\"  src=\"https:\/\/dbavocats.fr\/wp-content\/uploads\/2024\/06\/DBA_Photo_SD_Img_18-scaled.jpg\" alt=\"Claire Petitdemange\" width=\"2560\" height=\"1707\">\n        <\/a>              <\/div>\n    \n    <div class=\"uc_classic_carousel_content\" style=\"direction:ltr;\">    \n\n      \n          <div  class=\"card_carousel_title\">Claire Petitdemange<\/div>\n        <p class=\"card_carousel_text\">- Avocate au Barreau de Paris\n<\/br>\n- Intervenant en droit des\nsoci\u00e9t\u00e9s et droit boursier\n<\/br><\/p>      \t\n\n      \t\n      \n    <\/div>\n    \n  <\/div>\n<\/div>\n\n\n\n<div id=\"uc_card_carousel_elementor_29ca4df_item5\" class=\"uc_classic_carousel_container_holder ue-item elementor-repeater-item-ec7d798\" data-hide-item=\"false\">  \n  <div class=\"ue-carousel-item\">\n    \n        \n    \n          <div class=\"uc_classic_carousel_placeholder\">\n        <a href=\"https:\/\/dbavocats.fr\/index.php\/recrutement\/\" title=\"Nous rejoindre\" >          <img loading=\"lazy\" decoding=\"async\" src=\"https:\/\/dbavocats.fr\/wp-content\/uploads\/2024\/06\/DBA_Photo_SD_Img_22-2-scaled.jpg\"  src=\"https:\/\/dbavocats.fr\/wp-content\/uploads\/2024\/06\/DBA_Photo_SD_Img_22-2-scaled.jpg\" alt=\"l&#039;\u00e9quipe\" width=\"2560\" height=\"1706\">\n        <\/a>              <\/div>\n    \n    <div class=\"uc_classic_carousel_content\" style=\"direction:ltr;\">    \n\n      \n          <div  class=\"card_carousel_title\">Rejoignez nous<\/div>\n        <p class=\"card_carousel_text\">\n\nDepuis plus de 20 ans, les associ\u00e9s du cabinet conseillent une centaine de soci\u00e9t\u00e9s cot\u00e9es et d\u2019\u00e9tablissements financiers. Ils participent aux travaux de Place et collaborent activement avec les principaux acteurs.\n\n\nDes collaboratrices et collaborateurs exp\u00e9riment\u00e9e et sp\u00e9cialis\u00e9s en droit boursier assistent les associ\u00e9s.\n<\/p>      \t\n\n      \t\n      \n    <\/div>\n    \n  <\/div>\n<\/div>\n\n      <\/div>\n<\/div>\n<!-- end Card Carousel -->\t\t<\/div>\n\t\t\t\t<\/div>\n\t\t\t\t<\/div>\n\t\t\t\t\t<\/div>\n\t\t\t\t<\/div>\n\t\t\t\t<\/div>\n\t\t","protected":false},"excerpt":{"rendered":"<p>Collaborations Le cabinet recherche des avocats collaborateurs en corporate\/droit boursier. Profils recherch\u00e9s \u2022 Vous \u00eates avocat (d\u00e9butant ou de moins de trois ans d&rsquo;exp\u00e9rience);\u2022 Vous disposez d&rsquo;une formation sup\u00e9rieure en droit (Master 2, DJCE) comprenant un enseignement en droit des soci\u00e9t\u00e9s ;\u2022 Vous souhaitez travailler en \u00e9quipe;\u2022 Vous avez une excellente ma\u00eetrise de l&rsquo;anglais, tant [&hellip;]<\/p>\n","protected":false},"author":2,"featured_media":0,"parent":0,"menu_order":0,"comment_status":"closed","ping_status":"closed","template":"elementor_header_footer","meta":{"footnotes":""},"class_list":["post-312","page","type-page","status-publish","hentry"],"_links":{"self":[{"href":"https:\/\/dbavocats.fr\/index.php\/wp-json\/wp\/v2\/pages\/312","targetHints":{"allow":["GET"]}}],"collection":[{"href":"https:\/\/dbavocats.fr\/index.php\/wp-json\/wp\/v2\/pages"}],"about":[{"href":"https:\/\/dbavocats.fr\/index.php\/wp-json\/wp\/v2\/types\/page"}],"author":[{"embeddable":true,"href":"https:\/\/dbavocats.fr\/index.php\/wp-json\/wp\/v2\/users\/2"}],"replies":[{"embeddable":true,"href":"https:\/\/dbavocats.fr\/index.php\/wp-json\/wp\/v2\/comments?post=312"}],"version-history":[{"count":76,"href":"https:\/\/dbavocats.fr\/index.php\/wp-json\/wp\/v2\/pages\/312\/revisions"}],"predecessor-version":[{"id":1055,"href":"https:\/\/dbavocats.fr\/index.php\/wp-json\/wp\/v2\/pages\/312\/revisions\/1055"}],"wp:attachment":[{"href":"https:\/\/dbavocats.fr\/index.php\/wp-json\/wp\/v2\/media?parent=312"}],"curies":[{"name":"wp","href":"https:\/\/api.w.org\/{rel}","templated":true}]}}