{"id":3,"date":"2024-06-19T08:53:43","date_gmt":"2024-06-19T06:53:43","guid":{"rendered":"http:\/\/dbavocats.fr\/dba\/mwp\/?page_id=3"},"modified":"2024-06-25T10:58:25","modified_gmt":"2024-06-25T08:58:25","slug":"politique-de-confidentialite","status":"publish","type":"page","link":"https:\/\/dbavocats.fr\/index.php\/politique-de-confidentialite\/","title":{"rendered":"Politique de confidentialit\u00e9"},"content":{"rendered":"\t\t<div data-elementor-type=\"wp-page\" data-elementor-id=\"3\" class=\"elementor elementor-3\">\n\t\t\t\t<div class=\"elementor-element elementor-element-da103c1 e-flex e-con-boxed e-con e-parent\" data-id=\"da103c1\" data-element_type=\"container\">\n\t\t\t\t\t<div class=\"e-con-inner\">\n\t\t\t\t<div class=\"elementor-element elementor-element-fc69b2b elementor-widget elementor-widget-text-editor\" data-id=\"fc69b2b\" data-element_type=\"widget\" data-widget_type=\"text-editor.default\">\n\t\t\t\t<div class=\"elementor-widget-container\">\n\t\t\t<style>\/*! elementor - v3.22.0 - 26-06-2024 *\/\n.elementor-widget-text-editor.elementor-drop-cap-view-stacked .elementor-drop-cap{background-color:#69727d;color:#fff}.elementor-widget-text-editor.elementor-drop-cap-view-framed .elementor-drop-cap{color:#69727d;border:3px solid;background-color:transparent}.elementor-widget-text-editor:not(.elementor-drop-cap-view-default) .elementor-drop-cap{margin-top:8px}.elementor-widget-text-editor:not(.elementor-drop-cap-view-default) .elementor-drop-cap-letter{width:1em;height:1em}.elementor-widget-text-editor .elementor-drop-cap{float:left;text-align:center;line-height:1;font-size:50px}.elementor-widget-text-editor .elementor-drop-cap-letter{display:inline-block}<\/style>\t\t\t\t<p><strong>MENTIONS L\u00c9GALES\u00a0ET\u00a0R\u00c9GLEMENTAIRES<\/strong><\/p><p>\u00a0<\/p><p>&#8211; Article 6 de la Loi n\u00b02004-575 et Article 10.2 du r\u00e8glement int\u00e9rieur national de la profession d\u2019avocat<br \/>\u2022 D\u2019HOIR BEAUFRE Associ\u00e9s est une soci\u00e9t\u00e9 d\u2019avocats inscrite au Barreau de Paris.<br \/>\u2022 D\u00e9nomination et raison sociale du cabinet\u00a0: D\u2019HOIR BEAUFRE Associ\u00e9s<br \/>\u2022 Adresse du cabinet principal et du si\u00e8ge social\u00a0: 3, rue Saint-Philippe du Roule \u2013 75008 Paris<br \/>\u2022 Num\u00e9ro d\u2019inscription au registre du commerce et des soci\u00e9t\u00e9s\u00a0: 808 743 058\u00a0\u00a0R.C.S.\u00a0PARIS<br \/>\u2022 Coordonn\u00e9es postales, t\u00e9l\u00e9phoniques et \u00e9lectroniques du cabinet\u00a0: <br \/>\u00a0\u00a0 &#8211; Adresse : 3, rue Saint-Philippe du Roule \u2013 75008 Paris ; <br \/>\u00a0\u00a0 &#8211; T\u00e9l\u00e9phone\u00a0: 01 81 69 85 30\u00a0; <br \/>\u00a0\u00a0 &#8211; Mail\u00a0: contact@dbavocats.fr<br \/>\u2022 Nom et coordonn\u00e9es du directeur de publication du site\u00a0: Philippe D\u2019hoir<br \/>\u2022 Nom, raison sociale, adresse et num\u00e9ro de t\u00e9l\u00e9phone de l\u2019h\u00e9bergeur du site\u00a0: <br \/>\u00a0\u00a0 &#8211; Le site dbavocats est h\u00e9berg\u00e9 par OVH<br \/>\u00a0\u00a0 &#8211; SAS au capital de 10 000 000 \u20ac<br \/>\u00a0\u00a0 &#8211; Si\u00e8ge social : 2 rue Kellermann \u2013 59100 Roubaix \u2013 France \u2013 RCS Roubaix-Tourcoing 424 761 419 00045<br \/>\u00a0\u00a0 &#8211; Code APE 6202A \u2013 N\u00b0 TVA : FR 22 424 761 419<\/p><p><br \/><strong>MENTIONS D\u2019INFORMATION RGPD<\/strong><\/p><p>&#8211;\u00a0Articles 13 et 14 du RGPD et 32 de la loi 78-17 dite \u00ab\u00a0Informatique et libert\u00e9\u00a0\u00bb<br \/>D\u2019HOIR BEAUFRE Associ\u00e9s informe les utilisateurs du site www.dbavocats.fr ainsi que les clients et prospects du cabinet des \u00e9l\u00e9ments suivants\u00a0:<br \/>\u2022 L\u2019identit\u00e9 et les coordonn\u00e9es du responsable du fichier\u00a0: D\u2019HOIR BEAUFRE Associ\u00e9s<br \/>\u2022 Les coordonn\u00e9es du d\u00e9l\u00e9gu\u00e9 de la protection des donn\u00e9es\u00a0: n\u00e9ant<br \/>\u2022 La finalit\u00e9 et la base juridique du traitement et int\u00e9r\u00eats l\u00e9gitimes poursuivis\u00a0: <br \/>\u2022 Int\u00e9r\u00eats l\u00e9gitimes poursuivis\u00a0:<br \/>\u2022 Prospection et animation,<br \/>\u2022 Gestion et suivi des dossiers clients,<br \/>\u2022 Organisation, inscription et invitation aux \u00e9v\u00e9nements du cabinet.<br \/>\u2022 Ex\u00e9cution de mesures pr\u00e9contractuelles ou du contrat lorsque le cabinet met en \u0153uvre un traitement ayant pour finalit\u00e9\u00a0:<br \/>\u2022 La production, la gestion, le suivi des dossiers clients,<br \/>\u2022 La fourniture d\u2019informations li\u00e9es \u00e0 l\u2019actualit\u00e9 juridique,<br \/>\u2022 Le recouvrement.<br \/>\u2022 Respects d\u2019obligations l\u00e9gales et r\u00e9glementaires lors de ma mise en \u0153uvre d\u2019un traitement de donn\u00e9es ayant pour finalit\u00e9\u00a0:<br \/>\u2022 La pr\u00e9vention du blanchiment et du financement du terrorisme et la lutte contre la corruption,<br \/>\u2022 Le respect des obligations en mati\u00e8re d\u2019Abus de March\u00e9,<br \/>\u2022 La facturation,<br \/>\u2022 La comptabilit\u00e9.<br \/>\u2022 Les destinataires ou les cat\u00e9gories de destinataires\u00a0: les informations peuvent \u00eatre transmises \u00e0 des tiers prestataires ou encore dans le cadre des obligations du cabinet en mati\u00e8re d\u2019abus de march\u00e9.<br \/>\u2022 La dur\u00e9e de conservation des donn\u00e9es\u00a0: les donn\u00e9es des clients sont conserv\u00e9es pendant la dur\u00e9e des relations contractuelles augment\u00e9e de 3 ans \u00e0 des fins d&rsquo;animation et prospection, sans pr\u00e9judice des obligations de conservation ou des d\u00e9lais de prescription. En mati\u00e8re de pr\u00e9vention du blanchiment et du financement du terrorisme et de respect des obligations en mati\u00e8re d\u2019Abus de March\u00e9, les donn\u00e9es sont conserv\u00e9es 5 ans, voire 5 ans apr\u00e8s la fin des relations avec le cabinet. En mati\u00e8re de comptabilit\u00e9, elles sont conserv\u00e9es 10 ans \u00e0 compter de la cl\u00f4ture de l&rsquo;exercice comptable. Les donn\u00e9es des prospects sont conserv\u00e9es pendant une dur\u00e9e de 5 ans si aucune participation ou inscription aux \u00e9v\u00e9nements du cabinet n\u2019a eu lieu.\u00a0<br \/>\u2022 Les \u00e9ventuels transferts de donn\u00e9es vers des pays hors UE\u00a0: n\u00e9ant<br \/>\u2022 Les droits des personnes concern\u00e9es (droit d\u2019acc\u00e8s, de rectification, d\u2019effacement, d\u2019opposition, de limitation, etc.)\u00a0: les utilisateurs du site www.dbavocat.fr, les clients et prospects du cabinet disposent du droit de demander au responsable du traitement\u00a0: l&rsquo;acc\u00e8s aux donn\u00e9es \u00e0 caract\u00e8re personnel, la rectification ou l&rsquo;effacement de celles-ci, une limitation du traitement relatif \u00e0 sa personne. Ils disposent \u00e9galement du droit de s&rsquo;opposer au traitement et du droit \u00e0 la portabilit\u00e9 des donn\u00e9es. Pour exercer ces droits ils doivent adresser un mail \u00e0 l\u2019adresse suivante\u00a0: <a href=\"mailto:contact@dbavocats.fr\">contact@dbavocats.fr<\/a><br \/>Les utilisateurs du site <a href=\"https:\/\/dbavocat.fr\">www.dbavocat.fr<\/a>\u00a0ainsi que les clients et prospects du cabinet ont le droit de retirer leur consentement \u00e0 tout moment au traitement de leurs donn\u00e9es et le droit d\u2019introduire une r\u00e9clamation aupr\u00e8s d\u2019une autorit\u00e9 de contr\u00f4le (CNIL).<\/p><p><strong>COOKIES<\/strong><\/p><p>&#8211; article 32 de la loi 78-17 dite \u00ab Informatique et libert\u00e9 \u00bb<br \/>Un cookie (ou t\u00e9moin de connexion) est un fichier texte susceptible d\u2019\u00eatre enregistr\u00e9, dans un espace d\u00e9di\u00e9 du disque dur de votre terminal (ordinateur, tablette, smartphone\u2026) \u00e0 l\u2019occasion de la consultation d\u2019un service en ligne gr\u00e2ce \u00e0 votre logiciel de navigation.<br \/>Le fichier cookie permet \u00e0 son \u00e9metteur d\u2019identifier le terminal dans lequel il est enregistr\u00e9 pendant la dur\u00e9e de validit\u00e9 ou d\u2019enregistrement du cookie concern\u00e9.<br \/>\u2022 Les finalit\u00e9s des cookies<br \/>Nous pouvons \u00eatre amen\u00e9s \u00e0 installer, sous r\u00e9serve de votre choix, diff\u00e9rents cookies et notamment des cookies de s\u00e9curit\u00e9, de fonctionnalit\u00e9 et \u00a0de statistiques qui ont pour but de :<br \/>\u2022 nous permettre de nous souvenir des choix que vous effectuez (langue, r\u00e9solution d\u2019affichage, service souscrit\u2026) pour vous fournir lors de vos visites les fonctionnalit\u00e9s personnalis\u00e9es ou am\u00e9lior\u00e9es que vous avez s\u00e9lectionn\u00e9es,<br \/>\u2022 \u00e9tablir des statistiques de fr\u00e9quentation et d\u2019utilisation de notre site et d\u00e9tecter des probl\u00e8mes de navigation afin de suivre et d\u2019am\u00e9liorer la qualit\u00e9 de nos services.<br \/>\u2022 Les possibilit\u00e9s de refus des cookies <br \/>Votre consentement \u00e0 l\u2019utilisation des cookies est obtenu \u00e0 l\u2019aide du bandeau s\u2019affichant \u00e0 chaque connexion sur notre site. En continuant \u00e0 naviguer sur le site sans modifier vos param\u00e8tres, vous consentez \u00e0 l\u2019utilisation de cookies dans le but de g\u00e9n\u00e9rer des statistiques concernant l\u2019utilisation de notre site www.dbavocats.fr.<br \/>Vous pouvez \u00e0 tout moment param\u00e9trer votre navigateur afin d\u2019exprimer et modifier vos souhaits.<br \/>Vous pouvez param\u00e9trer votre navigateur de fa\u00e7on \u00e0 accepter ou refuser certains cookies, de mani\u00e8re syst\u00e9matique, ponctuellement ou selon leur \u00e9metteur. Pour g\u00e9rer ou modifier vos param\u00e8tres, veuillez-vous reporter \u00e0 l\u2019onglet \u00ab\u00a0Param\u00e8tres\u00a0\u00bb de votre navigateur et au menu \u00ab\u00a0Options\u00a0\u00bb ou \u00ab\u00a0Pr\u00e9f\u00e9rences\u00a0\u00bb.<\/p><p><br \/><strong>PROPRI\u00c9T\u00c9\u00a0INTELLECTUELLE\u00a0<\/strong><\/p><p>L\u2019ensemble des contenus du site www.dbavocats.fr (images, textes, vid\u00e9os\u2026) est soumis \u00e0 la l\u00e9gislation fran\u00e7aise et internationale en vigueur en mati\u00e8re de propri\u00e9t\u00e9 intellectuelle (droit d\u2019auteur, droit des marques, etc&#8230;).<br \/>Toute reproduction ou repr\u00e9sentation, totale ou partielle, du site www.dbavocats.fr , par quelque proc\u00e9d\u00e9 que ce soit, n\u2019est permise qu\u2019en vue d\u2019un usage strictement priv\u00e9. Toute autre utilisation est interdite sauf autorisation pr\u00e9alable et expresse de la soci\u00e9t\u00e9 D\u2019HOIR BEAUFRE Associ\u00e9s.<\/p><p>CR\u00c9DITS\u00a0<\/p><p>Design et D\u00e9veloppement du site : <a href=\"mailto:ingridhamard@gmail.com\">Ingrid Hamard<\/a><br \/>\u00a0<\/p><p>\u00a0<\/p>\t\t\t\t\t\t<\/div>\n\t\t\t\t<\/div>\n\t\t\t\t\t<\/div>\n\t\t\t\t<\/div>\n\t\t\t\t<\/div>\n\t\t","protected":false},"excerpt":{"rendered":"<p>MENTIONS L\u00c9GALES\u00a0ET\u00a0R\u00c9GLEMENTAIRES \u00a0 &#8211; Article 6 de la Loi n\u00b02004-575 et Article 10.2 du r\u00e8glement int\u00e9rieur national de la profession d\u2019avocat\u2022 D\u2019HOIR BEAUFRE Associ\u00e9s est une soci\u00e9t\u00e9 d\u2019avocats inscrite au Barreau de Paris.\u2022 D\u00e9nomination et raison sociale du cabinet\u00a0: D\u2019HOIR BEAUFRE Associ\u00e9s\u2022 Adresse du cabinet principal et du si\u00e8ge social\u00a0: 3, rue Saint-Philippe du Roule [&hellip;]<\/p>\n","protected":false},"author":2,"featured_media":0,"parent":0,"menu_order":0,"comment_status":"closed","ping_status":"open","template":"elementor_header_footer","meta":{"footnotes":""},"class_list":["post-3","page","type-page","status-publish","hentry"],"_links":{"self":[{"href":"https:\/\/dbavocats.fr\/index.php\/wp-json\/wp\/v2\/pages\/3","targetHints":{"allow":["GET"]}}],"collection":[{"href":"https:\/\/dbavocats.fr\/index.php\/wp-json\/wp\/v2\/pages"}],"about":[{"href":"https:\/\/dbavocats.fr\/index.php\/wp-json\/wp\/v2\/types\/page"}],"author":[{"embeddable":true,"href":"https:\/\/dbavocats.fr\/index.php\/wp-json\/wp\/v2\/users\/2"}],"replies":[{"embeddable":true,"href":"https:\/\/dbavocats.fr\/index.php\/wp-json\/wp\/v2\/comments?post=3"}],"version-history":[{"count":18,"href":"https:\/\/dbavocats.fr\/index.php\/wp-json\/wp\/v2\/pages\/3\/revisions"}],"predecessor-version":[{"id":442,"href":"https:\/\/dbavocats.fr\/index.php\/wp-json\/wp\/v2\/pages\/3\/revisions\/442"}],"wp:attachment":[{"href":"https:\/\/dbavocats.fr\/index.php\/wp-json\/wp\/v2\/media?parent=3"}],"curies":[{"name":"wp","href":"https:\/\/api.w.org\/{rel}","templated":true}]}}